{"id":15,"date":"2025-01-12T16:58:26","date_gmt":"2025-01-12T16:58:26","guid":{"rendered":"https:\/\/bakuglass.al\/?page_id=15"},"modified":"2025-02-26T21:10:57","modified_gmt":"2025-02-26T21:10:57","slug":"rreth-nesh","status":"publish","type":"page","link":"https:\/\/bakuglass.al\/en\/rreth-nesh\/","title":{"rendered":"About us"},"content":{"rendered":"<div data-elementor-type=\"wp-page\" data-elementor-id=\"15\" class=\"elementor elementor-15\" data-elementor-post-type=\"page\">\n\t\t\t\t<div class=\"elementor-element elementor-element-283780d e-con-full e-flex elementor-invisible e-con e-parent\" data-id=\"283780d\" data-element_type=\"container\" data-settings=\"{&quot;background_background&quot;:&quot;classic&quot;,&quot;animation&quot;:&quot;fadeInDown&quot;}\">\n\t\t\t\t<div class=\"elementor-element elementor-element-56c3aa7 elementor-widget elementor-widget-heading\" data-id=\"56c3aa7\" data-element_type=\"widget\" data-widget_type=\"heading.default\">\n\t\t\t\t<div class=\"elementor-widget-container\">\n\t\t\t\t\t<h1 class=\"elementor-heading-title elementor-size-default\">RRETH NESH<\/h1>\t\t\t\t<\/div>\n\t\t\t\t<\/div>\n\t\t\t\t<div class=\"elementor-element elementor-element-4bd1869 elementor-widget elementor-widget-heading\" data-id=\"4bd1869\" data-element_type=\"widget\" data-widget_type=\"heading.default\">\n\t\t\t\t<div class=\"elementor-widget-container\">\n\t\t\t\t\t<h1 class=\"elementor-heading-title elementor-size-default\">BAKU GLASS<\/h1>\t\t\t\t<\/div>\n\t\t\t\t<\/div>\n\t\t\t\t<\/div>\n\t\t<div class=\"elementor-element elementor-element-aae0aea e-con-full e-flex e-con e-parent\" data-id=\"aae0aea\" data-element_type=\"container\" data-settings=\"{&quot;background_background&quot;:&quot;classic&quot;}\">\n\t\t<div class=\"elementor-element elementor-element-a5bcfb8 e-con-full e-flex e-con e-child\" data-id=\"a5bcfb8\" data-element_type=\"container\">\n\t\t\t\t<div class=\"elementor-element elementor-element-26e81d0 elementor-widget elementor-widget-text-editor\" data-id=\"26e81d0\" data-element_type=\"widget\" data-widget_type=\"text-editor.default\">\n\t\t\t\t<div class=\"elementor-widget-container\">\n\t\t\t\t\t\t\t\t\t<p>Ne jemi Baku Glass!<\/p><p>\u00a0<\/p><p>Welcome to Baku Glass, a company that has been making history in the field of glass and mirrors for more than 20 years! Founded in 2003, we started this adventure with a vision: to transform everyday spaces into extraordinary places.<\/p><p>\u00a0<\/p><p>Fillimi yn\u00eb ishte modest, por pasioni yn\u00eb p\u00ebr artin e xhamit na ndihmoi t\u00eb nd\u00ebrtojm\u00eb nj\u00eb reputacion t\u00eb fort\u00eb. Sot, ne jemi krenar\u00eb q\u00eb ofrojm\u00eb nj\u00eb gam\u00eb t\u00eb gjer\u00eb produktesh, nga xhamat p\u00ebr dritare dhe pasqyrat elegante, deri te kabinat e dushit, pasqyrat me LED,xhamat p\u00ebr kuzhina, shkall\u00ebt e xhamit dhe fasadat. \u00c7do produkt \u00ebsht\u00eb krijuar me nj\u00eb kujdes t\u00eb ve\u00e7ant\u00eb dhe me teknologjin\u00eb m\u00eb t\u00eb avancuar, duke reflektuar stilin dhe cil\u00ebsin\u00eb q\u00eb klient\u00ebt tan\u00eb meritojn\u00eb.<\/p><p>\u00a0<\/p><p>\u00c7far\u00eb na b\u00ebn t\u00eb ve\u00e7ant\u00eb? Ne jemi t\u00eb p\u00ebrkushtuar p\u00ebr t\u00eb ofruar zgjidhje t\u00eb personalizuara q\u00eb i p\u00ebrshtaten \u00e7do nevoje. \u00c7do projekt \u00ebsht\u00eb nj\u00eb mund\u00ebsi p\u00ebr ne q\u00eb t\u00eb tregojm\u00eb kreativitetin ton\u00eb dhe t\u00eb ofrojm\u00eb nj\u00eb eksperienc\u00eb t\u00eb paharrueshme. Ne besojm\u00eb se \u00e7do cop\u00eb xhami \u00ebsht\u00eb nj\u00eb mund\u00ebsi p\u00ebr t\u00eb sjell\u00eb drit\u00eb dhe eleganc\u00eb n\u00eb \u00e7do hap\u00ebsir\u00eb.<\/p><p>\u00a0<\/p><p>P\u00ebr m\u00eb tep\u00ebr, historia jon\u00eb \u00ebsht\u00eb e mbushur me sukseset e klient\u00ebve tan\u00eb. Ne kemi ndihmuar shum\u00eb individ\u00eb dhe biznese t\u00eb realizojn\u00eb vizionet e tyre, duke u siguruar q\u00eb \u00e7do projekt t\u00eb p\u00ebrfundoj\u00eb me 100% sukses. Asistenca teknike dhe k\u00ebshillat tona jan\u00eb gjithmon\u00eb n\u00eb dispozicion p\u00ebr t&#8217;i ndihmuar klient\u00ebt tan\u00eb n\u00eb \u00e7do hap t\u00eb rrug\u00ebs.<\/p><p>\u00a0<\/p><p>Sot, ne jemi t\u00eb vendosur n\u00eb kryq\u00ebzimin e Nikles, duke vazhduar t\u00eb sjellim inovacion dhe cil\u00ebsi n\u00eb \u00e7do produkt q\u00eb ofrojm\u00eb. Baku Glass \u00ebsht\u00eb m\u00eb shum\u00eb se nj\u00eb kompani; ne jemi pasioni dhe p\u00ebrkushtimi p\u00ebr artin e xhamit. Bashkohuni me ne n\u00eb k\u00ebt\u00eb udh\u00ebtim dhe le t\u00eb krijojm\u00eb s\u00eb bashku hap\u00ebsira t\u00eb jasht\u00ebzakonshme!<\/p>\t\t\t\t\t\t\t\t<\/div>\n\t\t\t\t<\/div>\n\t\t\t\t<\/div>\n\t\t<div class=\"elementor-element elementor-element-1950933 e-con-full e-flex e-con e-child\" data-id=\"1950933\" data-element_type=\"container\">\n\t\t\t\t<div class=\"elementor-element elementor-element-da252d1 elementor-widget elementor-widget-image\" data-id=\"da252d1\" data-element_type=\"widget\" data-widget_type=\"image.default\">\n\t\t\t\t<div class=\"elementor-widget-container\">\n\t\t\t\t\t\t\t\t\t\t\t\t\t\t\t<img fetchpriority=\"high\" decoding=\"async\" width=\"1620\" height=\"1080\" src=\"https:\/\/bakuglass.al\/wp-content\/uploads\/2025\/02\/male-worker-factory.jpg\" class=\"attachment-full size-full wp-image-1048\" alt=\"\" srcset=\"https:\/\/bakuglass.al\/wp-content\/uploads\/2025\/02\/male-worker-factory.jpg 1620w, https:\/\/bakuglass.al\/wp-content\/uploads\/2025\/02\/male-worker-factory-500x333.jpg 500w, https:\/\/bakuglass.al\/wp-content\/uploads\/2025\/02\/male-worker-factory-18x12.jpg 18w\" sizes=\"(max-width: 1620px) 100vw, 1620px\" \/>\t\t\t\t\t\t\t\t\t\t\t\t\t\t\t<\/div>\n\t\t\t\t<\/div>\n\t\t\t\t<div class=\"elementor-element elementor-element-f21eca0 elementor-widget elementor-widget-image\" data-id=\"f21eca0\" data-element_type=\"widget\" data-widget_type=\"image.default\">\n\t\t\t\t<div class=\"elementor-widget-container\">\n\t\t\t\t\t\t\t\t\t\t\t\t\t\t\t<img decoding=\"async\" width=\"1618\" height=\"1080\" src=\"https:\/\/bakuglass.al\/wp-content\/uploads\/2025\/02\/creative-artisan-job-workshop.jpg\" class=\"attachment-full size-full wp-image-1049\" alt=\"\" srcset=\"https:\/\/bakuglass.al\/wp-content\/uploads\/2025\/02\/creative-artisan-job-workshop.jpg 1618w, https:\/\/bakuglass.al\/wp-content\/uploads\/2025\/02\/creative-artisan-job-workshop-500x334.jpg 500w, https:\/\/bakuglass.al\/wp-content\/uploads\/2025\/02\/creative-artisan-job-workshop-18x12.jpg 18w\" sizes=\"(max-width: 1618px) 100vw, 1618px\" \/>\t\t\t\t\t\t\t\t\t\t\t\t\t\t\t<\/div>\n\t\t\t\t<\/div>\n\t\t\t\t<div class=\"elementor-element elementor-element-b9213ce elementor-widget elementor-widget-image\" data-id=\"b9213ce\" data-element_type=\"widget\" data-widget_type=\"image.default\">\n\t\t\t\t<div class=\"elementor-widget-container\">\n\t\t\t\t\t\t\t\t\t\t\t\t\t\t\t<img decoding=\"async\" width=\"1620\" height=\"1080\" src=\"https:\/\/bakuglass.al\/wp-content\/uploads\/2025\/02\/service-maintenance-worker-repairing.jpg\" class=\"attachment-full size-full wp-image-1051\" alt=\"\" srcset=\"https:\/\/bakuglass.al\/wp-content\/uploads\/2025\/02\/service-maintenance-worker-repairing.jpg 1620w, https:\/\/bakuglass.al\/wp-content\/uploads\/2025\/02\/service-maintenance-worker-repairing-500x333.jpg 500w, https:\/\/bakuglass.al\/wp-content\/uploads\/2025\/02\/service-maintenance-worker-repairing-18x12.jpg 18w\" sizes=\"(max-width: 1620px) 100vw, 1620px\" \/>\t\t\t\t\t\t\t\t\t\t\t\t\t\t\t<\/div>\n\t\t\t\t<\/div>\n\t\t\t\t<\/div>\n\t\t\t\t<\/div>\n\t\t\t\t<\/div>","protected":false},"excerpt":{"rendered":"<p>RRETH NESH BAKU GLASS Ne jemi Baku Glass! \u00a0 Mir\u00eb se vini n\u00eb Baku Glass, nj\u00eb kompani q\u00eb ka b\u00ebr\u00eb histori n\u00eb fush\u00ebn e xhamit dhe pasqyrave p\u00ebr m\u00eb shum\u00eb se 20 vite! E themeluar n\u00eb vitin 2003, ne kemi nisur k\u00ebt\u00eb aventur\u00eb me nj\u00eb vizion: t\u00eb transformojm\u00eb hap\u00ebsirat e p\u00ebrditshme n\u00eb vende t\u00eb jasht\u00ebzakonshme. &#8230; <a title=\"About us\" class=\"read-more\" href=\"https:\/\/bakuglass.al\/en\/rreth-nesh\/\" aria-label=\"Read more about Rreth nesh\">Read more<\/a><\/p>","protected":false},"author":1,"featured_media":0,"parent":0,"menu_order":0,"comment_status":"closed","ping_status":"closed","template":"","meta":{"footnotes":""},"class_list":["post-15","page","type-page","status-publish"],"_links":{"self":[{"href":"https:\/\/bakuglass.al\/en\/wp-json\/wp\/v2\/pages\/15","targetHints":{"allow":["GET"]}}],"collection":[{"href":"https:\/\/bakuglass.al\/en\/wp-json\/wp\/v2\/pages"}],"about":[{"href":"https:\/\/bakuglass.al\/en\/wp-json\/wp\/v2\/types\/page"}],"author":[{"embeddable":true,"href":"https:\/\/bakuglass.al\/en\/wp-json\/wp\/v2\/users\/1"}],"replies":[{"embeddable":true,"href":"https:\/\/bakuglass.al\/en\/wp-json\/wp\/v2\/comments?post=15"}],"version-history":[{"count":91,"href":"https:\/\/bakuglass.al\/en\/wp-json\/wp\/v2\/pages\/15\/revisions"}],"predecessor-version":[{"id":1037,"href":"https:\/\/bakuglass.al\/en\/wp-json\/wp\/v2\/pages\/15\/revisions\/1037"}],"wp:attachment":[{"href":"https:\/\/bakuglass.al\/en\/wp-json\/wp\/v2\/media?parent=15"}],"curies":[{"name":"wp","href":"https:\/\/api.w.org\/{rel}","templated":true}]}}