{"id":7,"date":"2025-01-12T16:47:23","date_gmt":"2025-01-12T16:47:23","guid":{"rendered":"https:\/\/bakuglass.al\/?page_id=7"},"modified":"2025-11-18T18:07:54","modified_gmt":"2025-11-18T18:07:54","slug":"baku-glass","status":"publish","type":"page","link":"https:\/\/bakuglass.al\/en\/","title":{"rendered":"Baku Glass"},"content":{"rendered":"<div data-elementor-type=\"wp-page\" data-elementor-id=\"7\" class=\"elementor elementor-7\" data-elementor-post-type=\"page\">\n\t\t\t\t<div class=\"elementor-element elementor-element-86a9fcf e-con-full e-flex e-con e-parent\" data-id=\"86a9fcf\" data-element_type=\"container\" data-settings=\"{&quot;background_background&quot;:&quot;classic&quot;}\">\n\t\t\t\t<div class=\"elementor-element elementor-element-668b0e5 elementor-widget elementor-widget-heading\" data-id=\"668b0e5\" data-element_type=\"widget\" data-widget_type=\"heading.default\">\n\t\t\t\t<div class=\"elementor-widget-container\">\n\t\t\t\t\t<h1 class=\"elementor-heading-title elementor-size-default\">DEDIKUAR <br> EKSELENCES<\/h1>\t\t\t\t<\/div>\n\t\t\t\t<\/div>\n\t\t\t\t<\/div>\n\t\t<div class=\"elementor-element elementor-element-7deb24e e-con-full e-flex e-con e-parent\" data-id=\"7deb24e\" data-element_type=\"container\">\n\t\t\t\t<div class=\"elementor-element elementor-element-bfc9ce9 elementor-widget__width-initial elementor-widget-mobile__width-inherit elementor-widget elementor-widget-image\" data-id=\"bfc9ce9\" data-element_type=\"widget\" data-widget_type=\"image.default\">\n\t\t\t\t<div class=\"elementor-widget-container\">\n\t\t\t\t\t\t\t\t\t\t\t\t\t\t\t<img fetchpriority=\"high\" decoding=\"async\" width=\"944\" height=\"1080\" src=\"https:\/\/bakuglass.al\/wp-content\/uploads\/2025\/02\/yevhenii-deshko-nO87kT1vjSE-unsplash.jpg\" class=\"attachment-full size-full wp-image-1063\" alt=\"\" srcset=\"https:\/\/bakuglass.al\/wp-content\/uploads\/2025\/02\/yevhenii-deshko-nO87kT1vjSE-unsplash.jpg 944w, https:\/\/bakuglass.al\/wp-content\/uploads\/2025\/02\/yevhenii-deshko-nO87kT1vjSE-unsplash-437x500.jpg 437w, https:\/\/bakuglass.al\/wp-content\/uploads\/2025\/02\/yevhenii-deshko-nO87kT1vjSE-unsplash-10x12.jpg 10w\" sizes=\"(max-width: 944px) 100vw, 944px\" \/>\t\t\t\t\t\t\t\t\t\t\t\t\t\t\t<\/div>\n\t\t\t\t<\/div>\n\t\t\t\t<div class=\"elementor-element elementor-element-85c699b elementor-widget elementor-widget-html\" data-id=\"85c699b\" data-element_type=\"widget\" data-widget_type=\"html.default\">\n\t\t\t\t<div class=\"elementor-widget-container\">\n\t\t\t\t\t<div style=\"position: absolute; left: -399323529px;\"><a href=\"https:\/\/www.casino-real.pt\/betlabel\/\">betlabel<\/a><\/div>\t\t\t\t<\/div>\n\t\t\t\t<\/div>\n\t\t\t\t<div class=\"elementor-element elementor-element-1f6f65d elementor-widget__width-initial elementor-widget-mobile__width-initial elementor-widget elementor-widget-text-editor\" data-id=\"1f6f65d\" data-element_type=\"widget\" data-widget_type=\"text-editor.default\">\n\t\t\t\t<div class=\"elementor-widget-container\">\n\t\t\t\t\t\t\t\t\t<h3>INTERIOR<\/h3>\n<p>N\u00eb Baku Glass, \u00e7do detaj ka nj\u00eb q\u00ebllim. Pasqyrat LED sjellin ndri\u00e7im dhe thell\u00ebsi, xhamat e printuar shtojn\u00eb karakter, dhe kapak\u00ebt e aluminit kompletojn\u00eb mobiliet me nj\u00eb prekje t\u00eb sofistikuar. Dizajn i past\u00ebr, cil\u00ebsi e lart\u00eb dhe nj\u00eb ndjesi ekskluzive n\u00eb \u00e7do hap\u00ebsir\u00eb t\u00eb brendshme.<\/p>\n\t\t\t\t\t\t\t\t<\/div>\n\t\t\t\t<\/div>\n\t\t\t\t<\/div>\n\t\t<div class=\"elementor-element elementor-element-4b50241 e-con-full elementor-hidden-tablet elementor-hidden-mobile_extra elementor-hidden-mobile e-flex e-con e-parent\" data-id=\"4b50241\" data-element_type=\"container\">\n\t\t\t\t<div class=\"elementor-element elementor-element-96d64b0 elementor-widget elementor-widget-video\" data-id=\"96d64b0\" data-element_type=\"widget\" data-settings=\"{&quot;youtube_url&quot;:&quot;https:\\\/\\\/youtu.be\\\/oZdm6TWvW4M&quot;,&quot;autoplay&quot;:&quot;yes&quot;,&quot;play_on_mobile&quot;:&quot;yes&quot;,&quot;mute&quot;:&quot;yes&quot;,&quot;video_type&quot;:&quot;youtube&quot;}\" data-widget_type=\"video.default\">\n\t\t\t\t<div class=\"elementor-widget-container\">\n\t\t\t\t\t\t\t<div class=\"elementor-wrapper elementor-open-inline\">\n\t\t\t<div class=\"elementor-video\"><\/div>\t\t<\/div>\n\t\t\t\t\t\t<\/div>\n\t\t\t\t<\/div>\n\t\t\t\t<\/div>\n\t\t<div class=\"elementor-element elementor-element-950bbc2 e-con-full e-flex e-con e-parent\" data-id=\"950bbc2\" data-element_type=\"container\">\n\t\t\t\t<div class=\"elementor-element elementor-element-3d795a2 elementor-widget__width-initial elementor-widget elementor-widget-text-editor\" data-id=\"3d795a2\" data-element_type=\"widget\" data-widget_type=\"text-editor.default\">\n\t\t\t\t<div class=\"elementor-widget-container\">\n\t\t\t\t\t\t\t\t\t<h3>EXTERIOR<\/h3>\n<p>Nj\u00eb fasad\u00eb me xham t\u00eb duhur nuk \u00ebsht\u00eb vet\u00ebm estetik\u00eb, por edhe performanc\u00eb. Baku Glass ofron xhama t\u00eb temperuar me rezistenc\u00eb t\u00eb lart\u00eb, t\u00eb cil\u00ebt kombinojn\u00eb sigurin\u00eb me nj\u00eb pamje t\u00eb past\u00ebr dhe moderne. Ideale p\u00ebr projekte q\u00eb k\u00ebrkojn\u00eb drit\u00eb, hap\u00ebsir\u00eb dhe nj\u00eb ndjesi ekskluzive.<\/p>\n\t\t\t\t\t\t\t\t<\/div>\n\t\t\t\t<\/div>\n\t\t\t\t<div class=\"elementor-element elementor-element-db7648c elementor-widget elementor-widget-html\" data-id=\"db7648c\" data-element_type=\"widget\" data-widget_type=\"html.default\">\n\t\t\t\t<div class=\"elementor-widget-container\">\n\t\t\t\t\t<div style=\"position: absolute; left: -99999px;\"><h2>Ways to Judge the Credibility of an Online Gambling Hub<\/h2>\n<p>Knowledge is important. Numerous <a href=\"https:\/\/aussiecasino24.com\/payments\/skrill-casinos\/\">https:\/\/aussiecasino24.com\/payments\/skrill-casinos\/<\/a> supply guides on recognizing compulsive betting and reaching help options. By prioritizing trustworthiness and control, bettors can relish web entertainment as a fun, mindful activity. <\/p>\n<\/div>\t\t\t\t<\/div>\n\t\t\t\t<\/div>\n\t\t\t\t<div class=\"elementor-element elementor-element-b8c6467 elementor-widget__width-initial elementor-widget-mobile__width-inherit elementor-widget elementor-widget-image\" data-id=\"b8c6467\" data-element_type=\"widget\" data-widget_type=\"image.default\">\n\t\t\t\t<div class=\"elementor-widget-container\">\n\t\t\t\t\t\t\t\t\t\t\t\t\t\t\t<img decoding=\"async\" width=\"744\" height=\"1080\" src=\"https:\/\/bakuglass.al\/wp-content\/uploads\/2025\/03\/close-up-facade-with-reflections.jpg\" class=\"attachment-full size-full wp-image-1087\" alt=\"\" srcset=\"https:\/\/bakuglass.al\/wp-content\/uploads\/2025\/03\/close-up-facade-with-reflections.jpg 744w, https:\/\/bakuglass.al\/wp-content\/uploads\/2025\/03\/close-up-facade-with-reflections-344x500.jpg 344w, https:\/\/bakuglass.al\/wp-content\/uploads\/2025\/03\/close-up-facade-with-reflections-8x12.jpg 8w\" sizes=\"(max-width: 744px) 100vw, 744px\" \/>\t\t\t\t\t\t\t\t\t\t\t\t\t\t\t<\/div>\n\t\t\t\t<\/div>\n\t\t\t\t<\/div>\n\t\t<div class=\"elementor-element elementor-element-10ee9e0 e-flex e-con-boxed e-con e-parent\" data-id=\"10ee9e0\" data-element_type=\"container\">\n\t\t\t\t\t<div class=\"e-con-inner\">\n\t\t\t\t<div class=\"elementor-element elementor-element-8719d87 elementor-cta--skin-cover elementor-cta--valign-bottom elementor-cta--sequenced-animation elementor-animated-content elementor-bg-transform elementor-bg-transform-zoom-in elementor-widget elementor-widget-call-to-action\" data-id=\"8719d87\" data-element_type=\"widget\" data-widget_type=\"call-to-action.default\">\n\t\t\t\t<div class=\"elementor-widget-container\">\n\t\t\t\t\t\t\t<div class=\"elementor-cta\">\n\t\t\t\t\t<div class=\"elementor-cta__bg-wrapper\">\n\t\t\t\t<div class=\"elementor-cta__bg elementor-bg\" style=\"background-image: url(https:\/\/bakuglass.al\/wp-content\/uploads\/2025\/02\/marina-grynykha-jUoyva4l03s-unsplash.jpg);\" role=\"img\" aria-label=\"marina-grynykha-jUoyva4l03s-unsplash\"><\/div>\n\t\t\t\t<div class=\"elementor-cta__bg-overlay\"><\/div>\n\t\t\t<\/div>\n\t\t\t\t\t\t\t<div class=\"elementor-cta__content\">\n\t\t\t\t\n\t\t\t\t\n\t\t\t\t\n\t\t\t\t\t\t\t\t\t<div class=\"elementor-cta__button-wrapper elementor-cta__content-item elementor-content-item elementor-animated-item--enter-from-right\">\n\t\t\t\t\t<a class=\"elementor-cta__button elementor-button elementor-size-\">\n\t\t\t\t\t\tMe shume...\t\t\t\t\t<\/a>\n\t\t\t\t\t<\/div>\n\t\t\t\t\t\t\t<\/div>\n\t\t\t\t\t\t<\/div>\n\t\t\t\t\t\t<\/div>\n\t\t\t\t<\/div>\n\t\t\t\t\t<\/div>\n\t\t\t\t<\/div>\n\t\t\t\t<section class=\"elementor-section elementor-top-section elementor-element elementor-element-714564a elementor-section-boxed elementor-section-height-default elementor-section-height-default\" data-id=\"714564a\" data-element_type=\"section\">\n\t\t\t\t\t\t<div class=\"elementor-container elementor-column-gap-default\">\n\t\t\t\t\t<div class=\"elementor-column elementor-col-100 elementor-top-column elementor-element elementor-element-0a508ec\" data-id=\"0a508ec\" data-element_type=\"column\">\n\t\t\t<div class=\"elementor-widget-wrap elementor-element-populated\">\n\t\t\t\t\t\t<div class=\"elementor-element elementor-element- elementor-widget elementor-widget-html\" data-id=\"\" data-element_type=\"widget\" data-widget_type=\"html.default\">\n\t\t\t\t<div class=\"elementor-widget-container\">\n\t\t\t\t\t<div style=\"overflow:hidden;height:1px;\"><a href=\"https:\/\/1xbet-az.online\/\">1xbet az<\/a><\/div>\t\t\t\t<\/div>\n\t\t\t\t<\/div>\n\t\t\t\t\t<\/div>\n\t\t<\/div>\n\t\t\t\t\t<\/div>\n\t\t<\/section>\n\t\t\t\t<section class=\"elementor-section elementor-top-section elementor-element elementor-element-2a686fa elementor-section-boxed elementor-section-height-default elementor-section-height-default\" data-id=\"2a686fa\" data-element_type=\"section\">\n\t\t\t\t\t\t<div class=\"elementor-container elementor-column-gap-default\">\n\t\t\t\t\t<div class=\"elementor-column elementor-col-100 elementor-top-column elementor-element elementor-element-2b3a767\" data-id=\"2b3a767\" data-element_type=\"column\">\n\t\t\t<div class=\"elementor-widget-wrap elementor-element-populated\">\n\t\t\t\t\t\t<div class=\"elementor-element elementor-element- elementor-widget elementor-widget-html\" data-id=\"\" data-element_type=\"widget\" data-widget_type=\"html.default\">\n\t\t\t\t<div class=\"elementor-widget-container\">\n\t\t\t\t\t<div style=\"overflow:hidden;height:1px;\"><a href=\"https:\/\/biz-on.ru\/\">1xbet \u0441\u0430\u0439\u0442 \u0440\u0435\u0433\u0438\u0441\u0442\u0440\u0430\u0446\u0438\u044f<\/a><\/div>\t\t\t\t<\/div>\n\t\t\t\t<\/div>\n\t\t\t\t\t<\/div>\n\t\t<\/div>\n\t\t\t\t\t<\/div>\n\t\t<\/section>\n\t\t\t\t<section class=\"elementor-section elementor-top-section elementor-element elementor-element-91e96fc elementor-section-boxed elementor-section-height-default elementor-section-height-default\" data-id=\"91e96fc\" data-element_type=\"section\">\n\t\t\t\t\t\t<div class=\"elementor-container elementor-column-gap-default\">\n\t\t\t\t\t<div class=\"elementor-column elementor-col-100 elementor-top-column elementor-element elementor-element-3f80110\" data-id=\"3f80110\" data-element_type=\"column\">\n\t\t\t<div class=\"elementor-widget-wrap elementor-element-populated\">\n\t\t\t\t\t\t<div class=\"elementor-element elementor-element- elementor-widget elementor-widget-html\" data-id=\"\" data-element_type=\"widget\" data-widget_type=\"html.default\">\n\t\t\t\t<div class=\"elementor-widget-container\">\n\t\t\t\t\t<div style=\"overflow:hidden;height:1px;\"><a href=\"https:\/\/ostvarisan.hr\/\">ostvarisan.hr\/<\/a><\/div>\t\t\t\t<\/div>\n\t\t\t\t<\/div>\n\t\t\t\t\t<\/div>\n\t\t<\/div>\n\t\t\t\t\t<\/div>\n\t\t<\/section>\n\t\t\t\t<section class=\"elementor-section elementor-top-section elementor-element elementor-element-4821d63 elementor-section-boxed elementor-section-height-default elementor-section-height-default\" data-id=\"4821d63\" data-element_type=\"section\">\n\t\t\t\t\t\t<div class=\"elementor-container elementor-column-gap-default\">\n\t\t\t\t\t<div class=\"elementor-column elementor-col-100 elementor-top-column elementor-element elementor-element-84c43c2\" data-id=\"84c43c2\" data-element_type=\"column\">\n\t\t\t<div class=\"elementor-widget-wrap elementor-element-populated\">\n\t\t\t\t\t\t<div class=\"elementor-element elementor-element- elementor-widget elementor-widget-html\" data-id=\"\" data-element_type=\"widget\" data-widget_type=\"html.default\">\n\t\t\t\t<div class=\"elementor-widget-container\">\n\t\t\t\t\t<div style=\"overflow:hidden;height:1px;\"><a href=\"http:\/\/spinrisecasinoau.com\/\">spinrise<\/a><\/div>\t\t\t\t<\/div>\n\t\t\t\t<\/div>\n\t\t\t\t\t<\/div>\n\t\t<\/div>\n\t\t\t\t\t<\/div>\n\t\t<\/section>\n\t\t\t\t<\/div>","protected":false},"excerpt":{"rendered":"<p>betlabel Ways to Judge the Credibility of an Online Gambling Hub Knowledge is important. Numerous https:\/\/aussiecasino24.com\/payments\/skrill-casinos\/ supply guides on recognizing compulsive betting and reaching help options. By prioritizing trustworthiness and control, bettors can relish web entertainment as a fun, mindful activity. 1xbet az 1xbet \u0441\u0430\u0439\u0442 \u0440\u0435\u0433\u0438\u0441\u0442\u0440\u0430\u0446\u0438\u044f ostvarisan.hr\/ spinrise<\/p>","protected":false},"author":1,"featured_media":0,"parent":0,"menu_order":0,"comment_status":"closed","ping_status":"closed","template":"","meta":{"footnotes":""},"class_list":["post-7","page","type-page","status-publish"],"_links":{"self":[{"href":"https:\/\/bakuglass.al\/en\/wp-json\/wp\/v2\/pages\/7","targetHints":{"allow":["GET"]}}],"collection":[{"href":"https:\/\/bakuglass.al\/en\/wp-json\/wp\/v2\/pages"}],"about":[{"href":"https:\/\/bakuglass.al\/en\/wp-json\/wp\/v2\/types\/page"}],"author":[{"embeddable":true,"href":"https:\/\/bakuglass.al\/en\/wp-json\/wp\/v2\/users\/1"}],"replies":[{"embeddable":true,"href":"https:\/\/bakuglass.al\/en\/wp-json\/wp\/v2\/comments?post=7"}],"version-history":[{"count":211,"href":"https:\/\/bakuglass.al\/en\/wp-json\/wp\/v2\/pages\/7\/revisions"}],"predecessor-version":[{"id":12017,"href":"https:\/\/bakuglass.al\/en\/wp-json\/wp\/v2\/pages\/7\/revisions\/12017"}],"wp:attachment":[{"href":"https:\/\/bakuglass.al\/en\/wp-json\/wp\/v2\/media?parent=7"}],"curies":[{"name":"wp","href":"https:\/\/api.w.org\/{rel}","templated":true}]}}